{"id":51,"date":"2011-11-30T16:05:09","date_gmt":"2011-11-30T16:05:09","guid":{"rendered":"http:\/\/miniaturstuhl.de\/?page_id=51"},"modified":"2016-06-07T14:47:49","modified_gmt":"2016-06-07T13:47:49","slug":"holzkistchen","status":"publish","type":"page","link":"https:\/\/miniaturstuhl.de\/?page_id=51","title":{"rendered":"Holzkistchen und Kartons"},"content":{"rendered":"<p><strong style=\"color: #3366ff;\">Holzkistchen und Kartons<\/strong><\/p>\n<p><a href=\"https:\/\/miniaturstuhl.de\/?page_id=8758\"><img loading=\"lazy\" decoding=\"async\" class=\"alignnone size-full wp-image-8792\" src=\"https:\/\/miniaturstuhl.de\/wp-content\/uploads\/2016\/06\/GB-Flagge.jpg\" alt=\"GB-Flagge\" width=\"40\" height=\"27\" \/><\/a><\/p>\n<p><img loading=\"lazy\" decoding=\"async\" class=\"alignnone size-full wp-image-5573\" style=\"line-height: 1.5em;\" src=\"https:\/\/miniaturstuhl.de\/wp-content\/uploads\/2014\/05\/Holzkistchen-01.jpg\" alt=\"Holzkistchen-01\" width=\"448\" height=\"302\" srcset=\"https:\/\/miniaturstuhl.de\/wp-content\/uploads\/2014\/05\/Holzkistchen-01.jpg 448w, https:\/\/miniaturstuhl.de\/wp-content\/uploads\/2014\/05\/Holzkistchen-01-300x202.jpg 300w\" sizes=\"auto, (max-width: 448px) 100vw, 448px\" \/><\/p>\n<p>In den ersten zwei Jahren meines Sammelns standen die verh\u00e4ltnism\u00e4\u00dfig kleinen Holzkistchen neben den Miniaturen in meinen Schr\u00e4nken. Als ich die Miniaturen der \u201eEdition Vitra Design Museum\u201c erwerben konnte, musste ich aufgrund der kleineren\u00a0 Ma\u00dfst\u00e4be und den entsprechend gr\u00f6\u00dferen Verpackungen auf einen anderen Lagerplatz ausweichen. Es fand sich schnell ein kleiner Raum auf dem Dachboden, in dem ich jetzt alle Verpackungen sauber und \u00fcbersichtlich untergebracht habe.<\/p>\n<p><img loading=\"lazy\" decoding=\"async\" class=\"alignnone size-full wp-image-5572\" src=\"https:\/\/miniaturstuhl.de\/wp-content\/uploads\/2014\/05\/Holzkistchen-02.jpg\" alt=\"Holzkistchen-02\" width=\"448\" height=\"302\" srcset=\"https:\/\/miniaturstuhl.de\/wp-content\/uploads\/2014\/05\/Holzkistchen-02.jpg 448w, https:\/\/miniaturstuhl.de\/wp-content\/uploads\/2014\/05\/Holzkistchen-02-300x202.jpg 300w\" sizes=\"auto, (max-width: 448px) 100vw, 448px\" \/><\/p>\n<p><img loading=\"lazy\" decoding=\"async\" class=\"alignnone size-full wp-image-5571\" src=\"https:\/\/miniaturstuhl.de\/wp-content\/uploads\/2014\/05\/Holzkistchen-03.jpg\" alt=\"Holzkistchen-03\" width=\"448\" height=\"302\" srcset=\"https:\/\/miniaturstuhl.de\/wp-content\/uploads\/2014\/05\/Holzkistchen-03.jpg 448w, https:\/\/miniaturstuhl.de\/wp-content\/uploads\/2014\/05\/Holzkistchen-03-300x202.jpg 300w\" sizes=\"auto, (max-width: 448px) 100vw, 448px\" \/><\/p>\n<p>Die Vitra Holzkistchen habe ich nach Artikelnummern sortiert, damit ich im Bedarfsfall schnell darauf zur\u00fcckgreifen kann.<br \/>\nAuch die Verpackungen anderer Miniaturenhersteller konnte ich in diesem nun gro\u00dfz\u00fcgigen \u201eLagerraum\u201c vern\u00fcnftig unterbringen. Eine saubere Lagerung ist mir sehr wichtig, da die vielen, sehr wertig hergestellten Kartons, Faltschachteln und Verpackungen aus anderen Materialien, einfach zu jeder Miniatur dazugeh\u00f6ren.<\/p>\n<p><img loading=\"lazy\" decoding=\"async\" class=\"alignnone size-full wp-image-5570\" src=\"https:\/\/miniaturstuhl.de\/wp-content\/uploads\/2014\/05\/Holzkistchen-04.jpg\" alt=\"Holzkistchen-04\" width=\"448\" height=\"302\" srcset=\"https:\/\/miniaturstuhl.de\/wp-content\/uploads\/2014\/05\/Holzkistchen-04.jpg 448w, https:\/\/miniaturstuhl.de\/wp-content\/uploads\/2014\/05\/Holzkistchen-04-300x202.jpg 300w\" sizes=\"auto, (max-width: 448px) 100vw, 448px\" \/><\/p>\n<p>Ganz links im Bild stehen z.B. die Kartons mit St\u00fclpdeckel, in denen die Poltrona Frau Miniaturen geliefert werden. Die Miniaturen befinden sich zus\u00e4tzlich in einem Stoffs\u00e4ckchen und werden teilweise innerhalb des Kartons in ausgestanzten Kunststoffeins\u00e4tzen gesichert.<br \/>\nIn der ersten und zweiten Reihe rechts stehen die Holzkisten f\u00fcr die Miniaturen der &#8222;Edition Vitra Design Museum&#8220;.<br \/>\nIn der Mitte der zweiten Reihe lagert der Lattenverschlag f\u00fcr Gini Boeris &#8222;Ghost&#8220;.<br \/>\nDar\u00fcber, ganz oben neben der aufwendigen Verpackung f\u00fcr Philippe Starks\u00a0<a href=\"https:\/\/miniaturstuhl.de\/?p=2633\" target=\"_blank\">&#8222;Dr. Sonderbar&#8220;<\/a>\u00a0sehen Sie die Kartons f\u00fcr die Miniaturen des\u00a0<span style=\"line-height: 1.5em;\">Gartenstuhls &#8222;Luxembourg&#8220;. Die Kartons aus Wellkarton sind ein\u00a0<\/span><span style=\"line-height: 1.5em;\">verkleinertes Faksimile der Originalverpackung.<br \/>\n<\/span><span style=\"line-height: 1.5em;\">Jeder kleine Karton oder jedes Holzkistchen ist etwas sehr Besonderes, da die Hersteller der Miniaturen gro\u00dfen Wert auf eine anspruchsvolle und passende Verpackung legen.<\/span><\/p>\n","protected":false},"excerpt":{"rendered":"<p>Holzkistchen und Kartons In den ersten zwei Jahren meines Sammelns standen die verh\u00e4ltnism\u00e4\u00dfig kleinen Holzkistchen neben den Miniaturen in meinen Schr\u00e4nken. Als ich die Miniaturen der \u201eEdition Vitra Design Museum\u201c erwerben konnte, musste ich aufgrund der kleineren\u00a0 Ma\u00dfst\u00e4be und den entsprechend gr\u00f6\u00dferen Verpackungen auf einen anderen Lagerplatz ausweichen. Es fand sich schnell ein kleiner Raum &hellip; <a href=\"https:\/\/miniaturstuhl.de\/?page_id=51\" class=\"more-link\"><span class=\"screen-reader-text\">Holzkistchen und Kartons<\/span> weiterlesen<\/a><\/p>\n","protected":false},"author":1,"featured_media":0,"parent":0,"menu_order":4,"comment_status":"open","ping_status":"open","template":"","meta":{"footnotes":""},"class_list":["post-51","page","type-page","status-publish","hentry"],"jetpack_sharing_enabled":true,"_links":{"self":[{"href":"https:\/\/miniaturstuhl.de\/index.php?rest_route=\/wp\/v2\/pages\/51","targetHints":{"allow":["GET"]}}],"collection":[{"href":"https:\/\/miniaturstuhl.de\/index.php?rest_route=\/wp\/v2\/pages"}],"about":[{"href":"https:\/\/miniaturstuhl.de\/index.php?rest_route=\/wp\/v2\/types\/page"}],"author":[{"embeddable":true,"href":"https:\/\/miniaturstuhl.de\/index.php?rest_route=\/wp\/v2\/users\/1"}],"replies":[{"embeddable":true,"href":"https:\/\/miniaturstuhl.de\/index.php?rest_route=%2Fwp%2Fv2%2Fcomments&post=51"}],"version-history":[{"count":15,"href":"https:\/\/miniaturstuhl.de\/index.php?rest_route=\/wp\/v2\/pages\/51\/revisions"}],"predecessor-version":[{"id":8805,"href":"https:\/\/miniaturstuhl.de\/index.php?rest_route=\/wp\/v2\/pages\/51\/revisions\/8805"}],"wp:attachment":[{"href":"https:\/\/miniaturstuhl.de\/index.php?rest_route=%2Fwp%2Fv2%2Fmedia&parent=51"}],"curies":[{"name":"wp","href":"https:\/\/api.w.org\/{rel}","templated":true}]}}