{"id":37,"date":"2011-11-30T16:07:57","date_gmt":"2011-11-30T16:07:57","guid":{"rendered":"http:\/\/miniaturstuhl.de\/?page_id=37"},"modified":"2022-04-25T20:19:41","modified_gmt":"2022-04-25T19:19:41","slug":"verzeichnis-der-miniaturen","status":"publish","type":"page","link":"https:\/\/miniaturstuhl.de\/?page_id=37","title":{"rendered":"Verzeichnis der Miniaturen"},"content":{"rendered":"<p><a href=\"https:\/\/miniaturstuhl.de\/?page_id=8752\"><img loading=\"lazy\" decoding=\"async\" class=\"alignnone size-full wp-image-8792\" src=\"https:\/\/miniaturstuhl.de\/wp-content\/uploads\/2016\/06\/GB-Flagge.jpg\" alt=\"GB-Flagge\" width=\"40\" height=\"27\" \/><\/a><\/p>\n<p><img loading=\"lazy\" decoding=\"async\" class=\"alignnone size-full wp-image-5692\" src=\"https:\/\/miniaturstuhl.de\/wp-content\/uploads\/2011\/11\/Verzeichnis_01.jpg\" alt=\"Verzeichnis_01\" width=\"446\" height=\"300\" srcset=\"https:\/\/miniaturstuhl.de\/wp-content\/uploads\/2011\/11\/Verzeichnis_01.jpg 446w, https:\/\/miniaturstuhl.de\/wp-content\/uploads\/2011\/11\/Verzeichnis_01-300x201.jpg 300w\" sizes=\"auto, (max-width: 446px) 100vw, 446px\" \/><\/p>\n<p>Als ich im Jahr 2005 begann Vitra <span style=\"color: #000000;\">Miniaturen<\/span> zu sammeln, lagen mir zur Orientierung die Preislisten des Vitra Design Museums aus den Jahren 2003 bis 2005 vor. Mir war bekannt, da\u00df das Vitra Design Museum bereits im Jahr 1992 mit der Produktion von Miniaturen begonnen hat. Da es keine Unterlagen \u00fcber die bisher produzierten Miniaturen gab, war ich nat\u00fcrlich sehr verunsichert und hatte keine Vorstellung, was da auf mich zukommt. Wie viele Miniaturen sind es \u00fcberhaupt und vor allem, wie waren die Preise in den Jahren davor?<\/p>\n<p>Also versuchte ich die fehlenden Preis- und Typenlisten der Jahre 1992 bis 2002 zu bekommen. Dazu brauchte es Geduld und Zeit. In fast f\u00fcnf Jahren trug ich alle fehlenden Preis- und Typenlisten zusammen und hatte nun eine sichere Information \u00fcber alle bisher aufgelegten Miniaturen des Vitra Design Museums. Es war schon abenteuerlich. Einige alte Preislisten bekam ich von einem mir bekannten Sammler. Auch das Vitra Design Museum hat mir sehr geholfen. Ich bekam von Vitra drei weitere, mir fehlende Listen. Jetzt fehlten nur noch die Preislisten aus den Jahren 1994, 1995 und 1998. Die waren einfach nicht aufzutreiben.<\/p>\n<p>Um nun die vielen Informationen transparent zu machen, schrieb ich Anfang 2010 das \u201eVerzeichnis der Miniaturen Kollektion von 1992 bis heute\u201c.\u00a0Leider ohne die Daten der fehlenden Jahrg\u00e4nge.<\/p>\n<p>Als ich Mitte 2010 \u00fcber eBay eine nicht mehr produzierte Miniatur erwarb, lag in dem Holzkistchen eine Preisliste aus dem Jahr\u00a0 1998. Das war f\u00fcr mich nat\u00fcrlich eine gro\u00dfe \u00dcberraschung. Dann, im November 2010 entdeckte ich bei eBay eine Sammlungsaufl\u00f6sung. Der Bieter gab in den textlichen Informationen das Kaufdatum seiner Miniaturen mit 1994 an und nannte auch die damaligen Preise. Das war f\u00fcr mich Grund, mit dem Anbieter Kontakt aufzunehmen. Denn, wer so genaue Angaben macht, der mu\u00df auch \u00fcber Unterlagen aus dieser Zeit verf\u00fcgen. Nach einigen E-Mails konnte ich dann eine Typenliste aus dem Jahr 1994 und die letzte mir fehlende Preisliste aus dem Jahr 1995 mein Eigen nennen.<\/p>\n<p>Nach Auswertung dieser schon \u201ehistorischen\u201c Listen schrieb ich die zweite und \u00fcberarbeitet Ausgabe des \u201eVerzeichnis der Miniaturen Kollektion von 1992 bis heute\u201c.<\/p>\n<p>Das jetzt komplette Verzeichnis &#8211; Stand Januar 2022 &#8211; gibt Aufschlu\u00df \u00fcber\u00a0die durch das Vitra Design Museum aufgelegten Miniaturen. Insgesamt wurden\u00a0bis zu diesem Zeitpunkt\u00a0136 verschiedene Miniaturen hergestellt.<\/p>\n<p><img loading=\"lazy\" decoding=\"async\" class=\"alignnone size-full wp-image-5691\" src=\"https:\/\/miniaturstuhl.de\/wp-content\/uploads\/2011\/11\/Verzeichnis_02.jpg\" alt=\"Verzeichnis_02\" width=\"446\" height=\"300\" srcset=\"https:\/\/miniaturstuhl.de\/wp-content\/uploads\/2011\/11\/Verzeichnis_02.jpg 446w, https:\/\/miniaturstuhl.de\/wp-content\/uploads\/2011\/11\/Verzeichnis_02-300x201.jpg 300w\" sizes=\"auto, (max-width: 446px) 100vw, 446px\" \/><\/p>\n<p><img loading=\"lazy\" decoding=\"async\" class=\"alignnone size-full wp-image-5696\" src=\"https:\/\/miniaturstuhl.de\/wp-content\/uploads\/2011\/11\/Verzeichnis_05.jpg\" alt=\"Verzeichnis_05\" width=\"446\" height=\"300\" srcset=\"https:\/\/miniaturstuhl.de\/wp-content\/uploads\/2011\/11\/Verzeichnis_05.jpg 446w, https:\/\/miniaturstuhl.de\/wp-content\/uploads\/2011\/11\/Verzeichnis_05-300x201.jpg 300w\" sizes=\"auto, (max-width: 446px) 100vw, 446px\" \/><\/p>\n<p><img loading=\"lazy\" decoding=\"async\" class=\"alignnone size-full wp-image-5690\" src=\"https:\/\/miniaturstuhl.de\/wp-content\/uploads\/2011\/11\/Verzeichnis_03.jpg\" alt=\"Verzeichnis_03\" width=\"446\" height=\"300\" srcset=\"https:\/\/miniaturstuhl.de\/wp-content\/uploads\/2011\/11\/Verzeichnis_03.jpg 446w, https:\/\/miniaturstuhl.de\/wp-content\/uploads\/2011\/11\/Verzeichnis_03-300x201.jpg 300w\" sizes=\"auto, (max-width: 446px) 100vw, 446px\" \/><\/p>\n<p><img loading=\"lazy\" decoding=\"async\" class=\"alignnone size-full wp-image-5689\" src=\"https:\/\/miniaturstuhl.de\/wp-content\/uploads\/2011\/11\/Verzeichnis_04.jpg\" alt=\"Verzeichnis_04\" width=\"446\" height=\"300\" srcset=\"https:\/\/miniaturstuhl.de\/wp-content\/uploads\/2011\/11\/Verzeichnis_04.jpg 446w, https:\/\/miniaturstuhl.de\/wp-content\/uploads\/2011\/11\/Verzeichnis_04-300x201.jpg 300w\" sizes=\"auto, (max-width: 446px) 100vw, 446px\" \/><\/p>\n","protected":false},"excerpt":{"rendered":"<p>Als ich im Jahr 2005 begann Vitra Miniaturen zu sammeln, lagen mir zur Orientierung die Preislisten des Vitra Design Museums aus den Jahren 2003 bis 2005 vor. Mir war bekannt, da\u00df das Vitra Design Museum bereits im Jahr 1992 mit der Produktion von Miniaturen begonnen hat. Da es keine Unterlagen \u00fcber die bisher produzierten Miniaturen &hellip; <a href=\"https:\/\/miniaturstuhl.de\/?page_id=37\" class=\"more-link\"><span class=\"screen-reader-text\">Verzeichnis der Miniaturen<\/span> weiterlesen<\/a><\/p>\n","protected":false},"author":1,"featured_media":0,"parent":0,"menu_order":2,"comment_status":"open","ping_status":"open","template":"","meta":{"footnotes":""},"class_list":["post-37","page","type-page","status-publish","hentry"],"jetpack_sharing_enabled":true,"_links":{"self":[{"href":"https:\/\/miniaturstuhl.de\/index.php?rest_route=\/wp\/v2\/pages\/37","targetHints":{"allow":["GET"]}}],"collection":[{"href":"https:\/\/miniaturstuhl.de\/index.php?rest_route=\/wp\/v2\/pages"}],"about":[{"href":"https:\/\/miniaturstuhl.de\/index.php?rest_route=\/wp\/v2\/types\/page"}],"author":[{"embeddable":true,"href":"https:\/\/miniaturstuhl.de\/index.php?rest_route=\/wp\/v2\/users\/1"}],"replies":[{"embeddable":true,"href":"https:\/\/miniaturstuhl.de\/index.php?rest_route=%2Fwp%2Fv2%2Fcomments&post=37"}],"version-history":[{"count":32,"href":"https:\/\/miniaturstuhl.de\/index.php?rest_route=\/wp\/v2\/pages\/37\/revisions"}],"predecessor-version":[{"id":13329,"href":"https:\/\/miniaturstuhl.de\/index.php?rest_route=\/wp\/v2\/pages\/37\/revisions\/13329"}],"wp:attachment":[{"href":"https:\/\/miniaturstuhl.de\/index.php?rest_route=%2Fwp%2Fv2%2Fmedia&parent=37"}],"curies":[{"name":"wp","href":"https:\/\/api.w.org\/{rel}","templated":true}]}}