{"id":10,"date":"2011-11-30T16:08:17","date_gmt":"2011-11-30T16:08:17","guid":{"rendered":"http:\/\/miniaturstuhl.de\/?page_id=10"},"modified":"2017-10-29T12:03:50","modified_gmt":"2017-10-29T11:03:50","slug":"meine-sammlung","status":"publish","type":"page","link":"https:\/\/miniaturstuhl.de\/?page_id=10","title":{"rendered":"Sammlung Dowald"},"content":{"rendered":"<p><span style=\"color: #3366ff;\"><strong>Willkommen bei\u00a0&#8222;miniaturstuhl.de&#8220; \u00a0 \u00a0 \u00a0 \u00a0 \u00a0 \u00a0 \u00a0 <\/strong><\/span><\/p>\n<p><span style=\"color: #3366ff;\"><strong><a href=\"https:\/\/miniaturstuhl.de\/?page_id=8729\"><img loading=\"lazy\" decoding=\"async\" class=\"alignnone size-full wp-image-8792\" src=\"https:\/\/miniaturstuhl.de\/wp-content\/uploads\/2016\/06\/GB-Flagge.jpg\" alt=\"GB-Flagge\" width=\"40\" height=\"27\" \/><\/a><\/strong><\/span><\/p>\n<p><img loading=\"lazy\" decoding=\"async\" class=\"alignnone size-full wp-image-10311\" src=\"https:\/\/miniaturstuhl.de\/wp-content\/uploads\/2011\/11\/jongleur_01.jpg\" alt=\"\" width=\"448\" height=\"327\" srcset=\"https:\/\/miniaturstuhl.de\/wp-content\/uploads\/2011\/11\/jongleur_01.jpg 448w, https:\/\/miniaturstuhl.de\/wp-content\/uploads\/2011\/11\/jongleur_01-300x219.jpg 300w\" sizes=\"auto, (max-width: 448px) 100vw, 448px\" \/><\/p>\n<p>Mein Name ist Dirk Dowald. Ich bin Sammler von Miniaturst\u00fchlen und zeige in diesem Blog meine\u00a0 Sammlung.<\/p>\n<p>Angefangen hat alles mit ein paar Miniaturen, die ich in den Jahren von 1996 bis 2002 erwarb. Zu der Zeit ahnte ich noch nicht,\u00a0 da\u00df diese Miniaturen der Grundstock f\u00fcr meine heute sehr umfangreiche Miniaturensammlung sein sollten. Sp\u00e4ter, ab dem Jahr 2005, begann ich dann Miniaturen dazuzukaufen und nach und nach die Sammlung zusammenzutragen. In den ersten Jahren standen ausschlie\u00dflich Miniaturen des Vitra Design Museums im Mittelpunkt meiner Sammlung.<\/p>\n<p>Dann wurde ich aufmerksam auf die kleine Kollektion von Thonet und auf die Arne Jacobsen Miniaturen von 1:6 Design. Viele kleine Kunstwerke auch anderer Hersteller habe ich inzwischen meiner Sammlung hinzuf\u00fcgen k\u00f6nnen.<\/p>\n<p><img loading=\"lazy\" decoding=\"async\" class=\"alignnone size-full wp-image-6085\" src=\"https:\/\/miniaturstuhl.de\/wp-content\/uploads\/2011\/11\/Schrankwand-Meine-Sammlung.jpg\" alt=\"Schrankwand-Meine-Sammlung\" width=\"448\" height=\"315\" srcset=\"https:\/\/miniaturstuhl.de\/wp-content\/uploads\/2011\/11\/Schrankwand-Meine-Sammlung.jpg 448w, https:\/\/miniaturstuhl.de\/wp-content\/uploads\/2011\/11\/Schrankwand-Meine-Sammlung-300x210.jpg 300w\" sizes=\"auto, (max-width: 448px) 100vw, 448px\" \/><br \/>\n<span style=\"color: #999999;\">Ein Blick in meine\u00a0Archivschr\u00e4nke (Ausschnitt)<\/span><\/p>\n<p>Dicht an dicht aufgereiht stehen heute die Miniaturen in meinen Archivschr\u00e4nken. Aus konservatorischen Gr\u00fcnden, verschlossen hinter T\u00fcren.<\/p>\n<p>In zwei Schr\u00e4nken mit einer Stellfl\u00e4che\u00a0von 15 lfm Einlegeb\u00f6den stehen teilweise in drei und vier Reihen hintereinander die Miniaturen des Vitra Design Museums. In einem weiteren Schrank mit einer Stellfl\u00e4che von ca. 8 lfm habe ich die Miniaturen anderer Hersteller untergebracht.<\/p>\n<p>Nat\u00fcrlich stehen die Miniaturen auch mal in meiner Vitrine. Dann dekoriere ich ausgesuchte Modelle themenbezogen und etwa alle vier Wochen wechselnd. Nachstehend zeige ich drei\u00a0verschiedene Dekorationen und informiere \u00fcber die Modellbezeichnung\u00a0und Hersteller der Miniaturen.<\/p>\n<p><img loading=\"lazy\" decoding=\"async\" class=\"alignnone size-full wp-image-6103\" src=\"https:\/\/miniaturstuhl.de\/wp-content\/uploads\/2011\/11\/Vitrine-Rietveld.jpg\" alt=\"Vitrine-Rietveld\" width=\"325\" height=\"448\" srcset=\"https:\/\/miniaturstuhl.de\/wp-content\/uploads\/2011\/11\/Vitrine-Rietveld.jpg 325w, https:\/\/miniaturstuhl.de\/wp-content\/uploads\/2011\/11\/Vitrine-Rietveld-217x300.jpg 217w\" sizes=\"auto, (max-width: 325px) 100vw, 325px\" \/><br \/>\n<span style=\"color: #999999;\">&#8222;Rietveld-Vitrine&#8220;<\/span><\/p>\n<p>B\u00fcgelstuhl (Vitra)<br \/>\nRot-Blauer Stuhl (Vitra)<br \/>\nArmlehnstuhl (Eigenanfertigung)<br \/>\nLatten-Schreibtischstuhl (Vitra)<br \/>\nMilit\u00e4r-Stuhl (Vitra)<br \/>\nSteltman-Stuhl (Eigenanfertigung)<\/p>\n<p><img loading=\"lazy\" decoding=\"async\" class=\"alignnone size-full wp-image-6102\" src=\"https:\/\/miniaturstuhl.de\/wp-content\/uploads\/2011\/11\/Vitrine-Thonet.jpg\" alt=\"Vitrine-Thonet\" width=\"325\" height=\"448\" srcset=\"https:\/\/miniaturstuhl.de\/wp-content\/uploads\/2011\/11\/Vitrine-Thonet.jpg 325w, https:\/\/miniaturstuhl.de\/wp-content\/uploads\/2011\/11\/Vitrine-Thonet-217x300.jpg 217w\" sizes=\"auto, (max-width: 325px) 100vw, 325px\" \/><br \/>\n<span style=\"color: #999999;\">&#8222;Thonet-Vitrine&#8220;<\/span><\/p>\n<p>Stuhl\u00a0Nr. 25, &#8222;Teppichklopfer&#8220; (Vitra*)<br \/>\nStuhl\u00a0Nr. 18 mit Fu\u00dfverbindung Nr. 27 (Vitra*)<br \/>\nDemonstrationsstuhl von 1867 (Vitra*)<br \/>\nStuhl Nr. 14, Sitz Geflecht (Vitra)<br \/>\nStuhl Nr. 14, Sitz Holz (Vitra)<br \/>\nBopparder Stuhl, Sitz Geflecht (Vitra*)<br \/>\nBopparder Stuhl, Sitz Holz (Vitra*)<\/p>\n<p>* Diese Miniaturen sind Einzelanfertigungen oder in\u00a0einer Auflage von 10 Exemplaren f\u00fcr die Miniaturenausstellung Designma\u00dfst\u00e4be hergestellt worden.<\/p>\n<p><img loading=\"lazy\" decoding=\"async\" class=\"alignnone size-full wp-image-6101\" src=\"https:\/\/miniaturstuhl.de\/wp-content\/uploads\/2011\/11\/Vitrine-Mies.jpg\" alt=\"Vitrine-Mies\" width=\"448\" height=\"448\" srcset=\"https:\/\/miniaturstuhl.de\/wp-content\/uploads\/2011\/11\/Vitrine-Mies.jpg 448w, https:\/\/miniaturstuhl.de\/wp-content\/uploads\/2011\/11\/Vitrine-Mies-150x150.jpg 150w, https:\/\/miniaturstuhl.de\/wp-content\/uploads\/2011\/11\/Vitrine-Mies-300x300.jpg 300w\" sizes=\"auto, (max-width: 448px) 100vw, 448px\" \/><br \/>\n<span style=\"color: #999999;\">&#8222;Mies van der Rohe-Vitrine&#8220;<\/span><\/p>\n<p>Wei\u00dfenhof-Sessel MR 20, Geflecht (Vitra)<br \/>\nWei\u00dfenhof-Sessel MR 20, Leder (Vitra)<br \/>\nWei\u00dfenhof-Stuhl MR 10, Geflecht, M= 1:3 (Tecta, Mod. B 42)<br \/>\nBarcelona-Sessel, Leder braun (Vitra)<br \/>\nBarcelona-Sessel, Leder schwarz\u00a0(Vitra)<\/p>\n","protected":false},"excerpt":{"rendered":"<p>Willkommen bei\u00a0&#8222;miniaturstuhl.de&#8220; \u00a0 \u00a0 \u00a0 \u00a0 \u00a0 \u00a0 \u00a0 Mein Name ist Dirk Dowald. Ich bin Sammler von Miniaturst\u00fchlen und zeige in diesem Blog meine\u00a0 Sammlung. Angefangen hat alles mit ein paar Miniaturen, die ich in den Jahren von 1996 bis 2002 erwarb. Zu der Zeit ahnte ich noch nicht,\u00a0 da\u00df diese Miniaturen der Grundstock &hellip; <a href=\"https:\/\/miniaturstuhl.de\/?page_id=10\" class=\"more-link\"><span class=\"screen-reader-text\">Sammlung Dowald<\/span> weiterlesen<\/a><\/p>\n","protected":false},"author":1,"featured_media":0,"parent":0,"menu_order":1,"comment_status":"open","ping_status":"open","template":"","meta":{"footnotes":""},"class_list":["post-10","page","type-page","status-publish","hentry"],"jetpack_sharing_enabled":true,"_links":{"self":[{"href":"https:\/\/miniaturstuhl.de\/index.php?rest_route=\/wp\/v2\/pages\/10","targetHints":{"allow":["GET"]}}],"collection":[{"href":"https:\/\/miniaturstuhl.de\/index.php?rest_route=\/wp\/v2\/pages"}],"about":[{"href":"https:\/\/miniaturstuhl.de\/index.php?rest_route=\/wp\/v2\/types\/page"}],"author":[{"embeddable":true,"href":"https:\/\/miniaturstuhl.de\/index.php?rest_route=\/wp\/v2\/users\/1"}],"replies":[{"embeddable":true,"href":"https:\/\/miniaturstuhl.de\/index.php?rest_route=%2Fwp%2Fv2%2Fcomments&post=10"}],"version-history":[{"count":83,"href":"https:\/\/miniaturstuhl.de\/index.php?rest_route=\/wp\/v2\/pages\/10\/revisions"}],"predecessor-version":[{"id":10313,"href":"https:\/\/miniaturstuhl.de\/index.php?rest_route=\/wp\/v2\/pages\/10\/revisions\/10313"}],"wp:attachment":[{"href":"https:\/\/miniaturstuhl.de\/index.php?rest_route=%2Fwp%2Fv2%2Fmedia&parent=10"}],"curies":[{"name":"wp","href":"https:\/\/api.w.org\/{rel}","templated":true}]}}